{"id":2,"date":"2022-06-14T19:00:59","date_gmt":"2022-06-14T17:00:59","guid":{"rendered":"http:\/\/sidimex.ma\/?page_id=2"},"modified":"2022-06-14T20:58:32","modified_gmt":"2022-06-14T18:58:32","slug":"page-d-exemple","status":"publish","type":"page","link":"https:\/\/sidimex.ma\/","title":{"rendered":"Page d\u2019exemple"},"content":{"rendered":"\t\t<div data-elementor-type=\"wp-page\" data-elementor-id=\"2\" class=\"elementor elementor-2\">\n\t\t\t\t\t\t\t\t\t<section class=\"elementor-section elementor-top-section elementor-element elementor-element-67016de elementor-section-full_width elementor-section-stretched elementor-section-height-default elementor-section-height-default\" data-id=\"67016de\" data-element_type=\"section\" id=\"home\" data-settings=\"{&quot;background_background&quot;:&quot;classic&quot;,&quot;stretch_section&quot;:&quot;section-stretched&quot;}\">\n\t\t\t\t\t\t<div class=\"elementor-container elementor-column-gap-default\">\n\t\t\t\t\t<div class=\"elementor-column elementor-col-50 elementor-top-column elementor-element elementor-element-a1d1a69\" data-id=\"a1d1a69\" data-element_type=\"column\">\n\t\t\t<div class=\"elementor-widget-wrap elementor-element-populated\">\n\t\t\t\t\t\t\t\t<div class=\"elementor-element elementor-element-bb00183 elementor-widget elementor-widget-heading\" data-id=\"bb00183\" data-element_type=\"widget\" data-widget_type=\"heading.default\">\n\t\t\t\t<div class=\"elementor-widget-container\">\n\t\t\t<style>\/*! elementor - v3.6.6 - 08-06-2022 *\/\n.elementor-heading-title{padding:0;margin:0;line-height:1}.elementor-widget-heading .elementor-heading-title[class*=elementor-size-]>a{color:inherit;font-size:inherit;line-height:inherit}.elementor-widget-heading .elementor-heading-title.elementor-size-small{font-size:15px}.elementor-widget-heading .elementor-heading-title.elementor-size-medium{font-size:19px}.elementor-widget-heading .elementor-heading-title.elementor-size-large{font-size:29px}.elementor-widget-heading .elementor-heading-title.elementor-size-xl{font-size:39px}.elementor-widget-heading .elementor-heading-title.elementor-size-xxl{font-size:59px}<\/style><h2 class=\"elementor-heading-title elementor-size-default\">R\u00e9v\u00e9lateur d'excellence<\/h2>\t\t<\/div>\n\t\t\t\t<\/div>\n\t\t\t\t<div class=\"elementor-element elementor-element-31812d9 elementor-widget elementor-widget-text-editor\" data-id=\"31812d9\" data-element_type=\"widget\" data-widget_type=\"text-editor.default\">\n\t\t\t\t<div class=\"elementor-widget-container\">\n\t\t\t<style>\/*! elementor - v3.6.6 - 08-06-2022 *\/\n.elementor-widget-text-editor.elementor-drop-cap-view-stacked .elementor-drop-cap{background-color:#818a91;color:#fff}.elementor-widget-text-editor.elementor-drop-cap-view-framed .elementor-drop-cap{color:#818a91;border:3px solid;background-color:transparent}.elementor-widget-text-editor:not(.elementor-drop-cap-view-default) .elementor-drop-cap{margin-top:8px}.elementor-widget-text-editor:not(.elementor-drop-cap-view-default) .elementor-drop-cap-letter{width:1em;height:1em}.elementor-widget-text-editor .elementor-drop-cap{float:left;text-align:center;line-height:1;font-size:50px}.elementor-widget-text-editor .elementor-drop-cap-letter{display:inline-block}<\/style>\t\t\t\t<p>Arriv\u00e9 au Maroc en 2014 Simon DELMAS &#8211; g\u00e9rant de SIDIMEX- exerce l\u2019activit\u00e9 d\u2019import export.<br \/>Importation de mat\u00e9riel de sport (v\u00eatements et accessoires) sp\u00e9cifiquement pour la course \u00e0 pied, le trail et le v\u00e9lo, vtt.<br \/>Il exporte \u00e9galement depuis le Maroc vers la France des cosm\u00e9tiques \u00e0 based\u2019argan pour des salons esth\u00e9tique.<\/p>\n<p>Fort de son caract\u00e8re organis\u00e9, meneur d\u2019\u00e9quipe, force de motivation, il se fait vite remarquer et aborder par des personnes afin de mettre son expertise au service d\u2019autres \u00e9v\u00e8nements sportifs sur Amizmiz, puis Takerkoust, Sidi Rahal.<\/p>\n<p>Les \u00e9v\u00e8nements prenant fi\u00e8re allure il se fait remarquer par des entreprises remarquant son leadership, sa capacit\u00e9 a g\u00e9rer des \u00e9v\u00e8nements et de grands groupes et \u00e0 coordonner les choses.<\/p>\n<p>En 2019, il est alors sollicit\u00e9 pour accompagner des entreprises dans le cadre leur d\u00e9veloppement par le biais de la motivation et organisation des effectifs, am\u00e9lioration du service client et \u00e9galement sa vision en marketing digital.<\/p>\t\t\t\t\t\t<\/div>\n\t\t\t\t<\/div>\n\t\t\t\t\t<\/div>\n\t\t<\/div>\n\t\t\t\t<div class=\"elementor-column elementor-col-50 elementor-top-column elementor-element elementor-element-ee36b85\" data-id=\"ee36b85\" data-element_type=\"column\">\n\t\t\t<div class=\"elementor-widget-wrap elementor-element-populated\">\n\t\t\t\t\t\t\t\t<div class=\"elementor-element elementor-element-6f8f90d elementor-widget elementor-widget-image\" data-id=\"6f8f90d\" data-element_type=\"widget\" data-widget_type=\"image.default\">\n\t\t\t\t<div class=\"elementor-widget-container\">\n\t\t\t<style>\/*! elementor - v3.6.6 - 08-06-2022 *\/\n.elementor-widget-image{text-align:center}.elementor-widget-image a{display:inline-block}.elementor-widget-image a img[src$=\".svg\"]{width:48px}.elementor-widget-image img{vertical-align:middle;display:inline-block}<\/style>\t\t\t\t\t\t\t\t\t\t\t\t<img decoding=\"async\" width=\"883\" height=\"786\" src=\"https:\/\/sidimex.ma\/wp-content\/uploads\/2022\/06\/imghome-1.png\" class=\"attachment-full size-full\" alt=\"\" loading=\"lazy\" srcset=\"https:\/\/sidimex.ma\/wp-content\/uploads\/2022\/06\/imghome-1.png 883w, https:\/\/sidimex.ma\/wp-content\/uploads\/2022\/06\/imghome-1-300x267.png 300w, https:\/\/sidimex.ma\/wp-content\/uploads\/2022\/06\/imghome-1-768x684.png 768w\" sizes=\"(max-width: 883px) 100vw, 883px\" \/>\t\t\t\t\t\t\t\t\t\t\t\t\t\t\t<\/div>\n\t\t\t\t<\/div>\n\t\t\t\t\t<\/div>\n\t\t<\/div>\n\t\t\t\t\t\t\t<\/div>\n\t\t<\/section>\n\t\t\t\t<section class=\"elementor-section elementor-top-section elementor-element elementor-element-49ce086 elementor-section-full_width elementor-section-stretched elementor-section-height-default elementor-section-height-default\" data-id=\"49ce086\" data-element_type=\"section\" data-settings=\"{&quot;stretch_section&quot;:&quot;section-stretched&quot;}\">\n\t\t\t\t\t\t<div class=\"elementor-container elementor-column-gap-default\">\n\t\t\t\t\t<div class=\"elementor-column elementor-col-100 elementor-top-column elementor-element elementor-element-d628078\" data-id=\"d628078\" data-element_type=\"column\">\n\t\t\t<div class=\"elementor-widget-wrap elementor-element-populated\">\n\t\t\t\t\t\t\t\t<div class=\"elementor-element elementor-element-c99bcab elementor-hidden-desktop elementor-hidden-tablet elementor-widget elementor-widget-image\" data-id=\"c99bcab\" data-element_type=\"widget\" data-widget_type=\"image.default\">\n\t\t\t\t<div class=\"elementor-widget-container\">\n\t\t\t\t\t\t\t\t\t\t\t\t\t\t\t<img decoding=\"async\" width=\"709\" height=\"1423\" src=\"https:\/\/sidimex.ma\/wp-content\/uploads\/2022\/06\/Capture-decran-86-1.png\" class=\"attachment-full size-full\" alt=\"\" loading=\"lazy\" srcset=\"https:\/\/sidimex.ma\/wp-content\/uploads\/2022\/06\/Capture-decran-86-1.png 709w, https:\/\/sidimex.ma\/wp-content\/uploads\/2022\/06\/Capture-decran-86-1-149x300.png 149w, https:\/\/sidimex.ma\/wp-content\/uploads\/2022\/06\/Capture-decran-86-1-510x1024.png 510w\" sizes=\"(max-width: 709px) 100vw, 709px\" \/>\t\t\t\t\t\t\t\t\t\t\t\t\t\t\t<\/div>\n\t\t\t\t<\/div>\n\t\t\t\t\t<\/div>\n\t\t<\/div>\n\t\t\t\t\t\t\t<\/div>\n\t\t<\/section>\n\t\t\t\t<section class=\"elementor-section elementor-top-section elementor-element elementor-element-bbda887 elementor-section-full_width elementor-section-stretched elementor-section-content-middle elementor-section-height-default elementor-section-height-default\" data-id=\"bbda887\" data-element_type=\"section\" id=\"qui\" data-settings=\"{&quot;stretch_section&quot;:&quot;section-stretched&quot;,&quot;background_background&quot;:&quot;classic&quot;}\">\n\t\t\t\t\t\t<div class=\"elementor-container elementor-column-gap-no\">\n\t\t\t\t\t<div class=\"elementor-column elementor-col-100 elementor-top-column elementor-element elementor-element-c4e1870\" data-id=\"c4e1870\" data-element_type=\"column\">\n\t\t\t<div class=\"elementor-widget-wrap elementor-element-populated\">\n\t\t\t\t\t\t\t\t<div class=\"elementor-element elementor-element-4b712c0 elementor-hidden-mobile elementor-widget elementor-widget-image\" data-id=\"4b712c0\" data-element_type=\"widget\" data-widget_type=\"image.default\">\n\t\t\t\t<div class=\"elementor-widget-container\">\n\t\t\t\t\t\t\t\t\t\t\t\t\t\t\t<img decoding=\"async\" width=\"1849\" height=\"886\" src=\"https:\/\/sidimex.ma\/wp-content\/uploads\/2022\/06\/Capture-decran-87.png\" class=\"attachment-full size-full\" alt=\"\" loading=\"lazy\" srcset=\"https:\/\/sidimex.ma\/wp-content\/uploads\/2022\/06\/Capture-decran-87.png 1849w, https:\/\/sidimex.ma\/wp-content\/uploads\/2022\/06\/Capture-decran-87-300x144.png 300w, https:\/\/sidimex.ma\/wp-content\/uploads\/2022\/06\/Capture-decran-87-1024x491.png 1024w, https:\/\/sidimex.ma\/wp-content\/uploads\/2022\/06\/Capture-decran-87-768x368.png 768w, https:\/\/sidimex.ma\/wp-content\/uploads\/2022\/06\/Capture-decran-87-1536x736.png 1536w\" sizes=\"(max-width: 1849px) 100vw, 1849px\" \/>\t\t\t\t\t\t\t\t\t\t\t\t\t\t\t<\/div>\n\t\t\t\t<\/div>\n\t\t\t\t\t<\/div>\n\t\t<\/div>\n\t\t\t\t\t\t\t<\/div>\n\t\t<\/section>\n\t\t\t\t<section class=\"elementor-section elementor-top-section elementor-element elementor-element-8dd3f72 elementor-section-full_width elementor-section-stretched elementor-section-height-default elementor-section-height-default\" data-id=\"8dd3f72\" data-element_type=\"section\" id=\"contact\" data-settings=\"{&quot;stretch_section&quot;:&quot;section-stretched&quot;,&quot;background_background&quot;:&quot;classic&quot;}\">\n\t\t\t\t\t\t<div class=\"elementor-container elementor-column-gap-default\">\n\t\t\t\t\t<div class=\"elementor-column elementor-col-50 elementor-top-column elementor-element elementor-element-d240a7f\" data-id=\"d240a7f\" data-element_type=\"column\">\n\t\t\t<div class=\"elementor-widget-wrap elementor-element-populated\">\n\t\t\t\t\t\t\t\t<div class=\"elementor-element elementor-element-5e69cea elementor-widget elementor-widget-image\" data-id=\"5e69cea\" data-element_type=\"widget\" data-widget_type=\"image.default\">\n\t\t\t\t<div class=\"elementor-widget-container\">\n\t\t\t\t\t\t\t\t\t\t\t\t\t\t\t<img decoding=\"async\" width=\"876\" height=\"908\" src=\"https:\/\/sidimex.ma\/wp-content\/uploads\/2022\/06\/Capture-decran-89.png\" class=\"attachment-full size-full\" alt=\"\" loading=\"lazy\" srcset=\"https:\/\/sidimex.ma\/wp-content\/uploads\/2022\/06\/Capture-decran-89.png 876w, https:\/\/sidimex.ma\/wp-content\/uploads\/2022\/06\/Capture-decran-89-289x300.png 289w, https:\/\/sidimex.ma\/wp-content\/uploads\/2022\/06\/Capture-decran-89-768x796.png 768w\" sizes=\"(max-width: 876px) 100vw, 876px\" \/>\t\t\t\t\t\t\t\t\t\t\t\t\t\t\t<\/div>\n\t\t\t\t<\/div>\n\t\t\t\t\t<\/div>\n\t\t<\/div>\n\t\t\t\t<div class=\"elementor-column elementor-col-50 elementor-top-column elementor-element elementor-element-880b2ba\" data-id=\"880b2ba\" data-element_type=\"column\" data-settings=\"{&quot;background_background&quot;:&quot;classic&quot;}\">\n\t\t\t<div class=\"elementor-widget-wrap elementor-element-populated\">\n\t\t\t\t\t\t\t\t<div class=\"elementor-element elementor-element-6b48188 elementor-widget elementor-widget-heading\" data-id=\"6b48188\" data-element_type=\"widget\" data-widget_type=\"heading.default\">\n\t\t\t\t<div class=\"elementor-widget-container\">\n\t\t\t<h2 class=\"elementor-heading-title elementor-size-large\">Contactez-moi\n\n<\/h2>\t\t<\/div>\n\t\t\t\t<\/div>\n\t\t\t\t<div class=\"elementor-element elementor-element-52b3337 elementor-widget elementor-widget-html\" data-id=\"52b3337\" data-element_type=\"widget\" data-widget_type=\"html.default\">\n\t\t\t\t<div class=\"elementor-widget-container\">\n\t\t\t<div class=\"wpforms-container wpforms-container-full formulaire\" id=\"wpforms-87\"><form id=\"wpforms-form-87\" class=\"wpforms-validate wpforms-form wpforms-ajax-form\" data-formid=\"87\" method=\"post\" enctype=\"multipart\/form-data\" action=\"\/index.php\/wp-json\/wp\/v2\/pages\/2\" data-token=\"2c90eddba439c67e6503c07ab6c21393\"><noscript class=\"wpforms-error-noscript\">Veuillez activer JavaScript dans votre navigateur pour remplir ce formulaire.<\/noscript><div class=\"wpforms-field-container\"><div id=\"wpforms-87-field_0-container\" class=\"wpforms-field wpforms-field-name champs-form\" data-field-id=\"0\"><label class=\"wpforms-field-label\" for=\"wpforms-87-field_0\">Nom Complet <span class=\"wpforms-required-label\">*<\/span><\/label><input type=\"text\" id=\"wpforms-87-field_0\" class=\"wpforms-field-large wpforms-field-required\" name=\"wpforms[fields][0]\" required><\/div><div id=\"wpforms-87-field_1-container\" class=\"wpforms-field wpforms-field-email champs-form\" data-field-id=\"1\"><label class=\"wpforms-field-label\" for=\"wpforms-87-field_1\">Email <span class=\"wpforms-required-label\">*<\/span><\/label><input type=\"email\" id=\"wpforms-87-field_1\" class=\"wpforms-field-large wpforms-field-required\" name=\"wpforms[fields][1]\" required><\/div><div id=\"wpforms-87-field_2-container\" class=\"wpforms-field wpforms-field-textarea champs-form\" data-field-id=\"2\"><label class=\"wpforms-field-label\" for=\"wpforms-87-field_2\">Message <span class=\"wpforms-required-label\">*<\/span><\/label><textarea id=\"wpforms-87-field_2\" class=\"wpforms-field-medium wpforms-field-required\" name=\"wpforms[fields][2]\" required><\/textarea><\/div><\/div><div class=\"wpforms-submit-container\"><input type=\"hidden\" name=\"wpforms[id]\" value=\"87\"><input type=\"hidden\" name=\"wpforms[author]\" value=\"1\"><button type=\"submit\" name=\"wpforms[submit]\" id=\"wpforms-submit-87\" class=\"wpforms-submit envoi\" data-alt-text=\"En cours d&#039;envoi\" data-submit-text=\"Envoyer\" aria-live=\"assertive\" value=\"wpforms-submit\">Envoyer<\/button><img src=\"https:\/\/sidimex.ma\/wp-content\/plugins\/wpforms-lite\/assets\/images\/submit-spin.svg\" class=\"wpforms-submit-spinner\" style=\"display: none;\" width=\"26\" height=\"26\" alt=\"\"><\/div><\/form><\/div>  <!-- .wpforms-container -->\t\t<\/div>\n\t\t\t\t<\/div>\n\t\t\t\t\t<\/div>\n\t\t<\/div>\n\t\t\t\t\t\t\t<\/div>\n\t\t<\/section>\n\t\t\t\t<section class=\"elementor-section elementor-top-section elementor-element elementor-element-3eee9ee elementor-section-stretched elementor-section-boxed elementor-section-height-default elementor-section-height-default\" data-id=\"3eee9ee\" data-element_type=\"section\" data-settings=\"{&quot;stretch_section&quot;:&quot;section-stretched&quot;,&quot;background_background&quot;:&quot;classic&quot;,&quot;shape_divider_bottom&quot;:&quot;tilt&quot;}\">\n\t\t\t\t\t<div class=\"elementor-shape elementor-shape-bottom\" data-negative=\"false\">\n\t\t\t<svg xmlns=\"http:\/\/www.w3.org\/2000\/svg\" viewBox=\"0 0 1000 100\" preserveAspectRatio=\"none\">\n\t<path class=\"elementor-shape-fill\" d=\"M0,6V0h1000v100L0,6z\"\/>\n<\/svg>\t\t<\/div>\n\t\t\t\t\t<div class=\"elementor-container elementor-column-gap-default\">\n\t\t\t\t\t<div class=\"elementor-column elementor-col-33 elementor-top-column elementor-element elementor-element-de7e6e0\" data-id=\"de7e6e0\" data-element_type=\"column\">\n\t\t\t<div class=\"elementor-widget-wrap elementor-element-populated\">\n\t\t\t\t\t\t\t\t<div class=\"elementor-element elementor-element-8f23534 elementor-widget elementor-widget-text-editor\" data-id=\"8f23534\" data-element_type=\"widget\" data-widget_type=\"text-editor.default\">\n\t\t\t\t<div class=\"elementor-widget-container\">\n\t\t\t\t\t\t\t<h4 style=\"color: #000; text-align:center;\"class=\"text-uppercase mb-4\" ><strong>INFORMATION<\/strong><\/h4>\n<p class=\"lead mb-0\" style=\"color: #000; text-align:center;\">Si\u00e9ge Social :\n2, lotissement Essalam &#8211; Sour Jdid <br \/> 42103 AMIZMIZ<br \/>\nICE : 001811128000057 \/ RC : 68539<\/p>\n&nbsp;\t\t\t\t\t\t<\/div>\n\t\t\t\t<\/div>\n\t\t\t\t\t<\/div>\n\t\t<\/div>\n\t\t\t\t<div class=\"elementor-column elementor-col-33 elementor-top-column elementor-element elementor-element-363699a\" data-id=\"363699a\" data-element_type=\"column\">\n\t\t\t<div class=\"elementor-widget-wrap elementor-element-populated\">\n\t\t\t\t\t\t\t\t<div class=\"elementor-element elementor-element-e12d9a3 elementor-widget elementor-widget-text-editor\" data-id=\"e12d9a3\" data-element_type=\"widget\" data-widget_type=\"text-editor.default\">\n\t\t\t\t<div class=\"elementor-widget-container\">\n\t\t\t\t\t\t\t<h4 class=\"text-uppercase mb-4\" style=\"color: #000; text-align: center;\"><strong>CONTACT<\/strong><\/h4>\n<p style=\"color: #000; text-align: center;\"><a style=\"color: #000; text-align: center;\">contact@sidimex.ma<\/a><br\/>\n<a style=\"color: #000; text-align: center;\" href=\"tel:+212655023474\">+212(0)6.55.02.34.74<\/a><\/p>\t\t\t\t\t\t<\/div>\n\t\t\t\t<\/div>\n\t\t\t\t<div class=\"elementor-element elementor-element-71477d3 elementor-widget elementor-widget-image\" data-id=\"71477d3\" data-element_type=\"widget\" data-widget_type=\"image.default\">\n\t\t\t\t<div class=\"elementor-widget-container\">\n\t\t\t\t\t\t\t\t\t\t\t\t\t\t\t\t<a href=\"https:\/\/web.facebook.com\/sidimex.ma\/?_rdc=1&#038;_rdr\">\n\t\t\t\t\t\t\t<img decoding=\"async\" width=\"30\" height=\"30\" src=\"https:\/\/sidimex.ma\/wp-content\/uploads\/2022\/06\/fb-1.png\" class=\"attachment-full size-full\" alt=\"\" loading=\"lazy\" \/>\t\t\t\t\t\t\t\t<\/a>\n\t\t\t\t\t\t\t\t\t\t\t\t\t\t\t<\/div>\n\t\t\t\t<\/div>\n\t\t\t\t\t<\/div>\n\t\t<\/div>\n\t\t\t\t<div class=\"elementor-column elementor-col-33 elementor-top-column elementor-element elementor-element-158733f\" data-id=\"158733f\" data-element_type=\"column\">\n\t\t\t<div class=\"elementor-widget-wrap elementor-element-populated\">\n\t\t\t\t\t\t\t\t<div class=\"elementor-element elementor-element-bd12075 elementor-widget elementor-widget-image\" data-id=\"bd12075\" data-element_type=\"widget\" data-widget_type=\"image.default\">\n\t\t\t\t<div class=\"elementor-widget-container\">\n\t\t\t\t\t\t\t\t\t\t\t\t\t\t\t<img decoding=\"async\" width=\"150\" height=\"150\" src=\"https:\/\/sidimex.ma\/wp-content\/uploads\/2022\/06\/cropped-logo-sidimex-150x150.jpeg\" class=\"attachment-thumbnail size-thumbnail\" alt=\"\" loading=\"lazy\" srcset=\"https:\/\/sidimex.ma\/wp-content\/uploads\/2022\/06\/cropped-logo-sidimex-150x150.jpeg 150w, https:\/\/sidimex.ma\/wp-content\/uploads\/2022\/06\/cropped-logo-sidimex-300x300.jpeg 300w, https:\/\/sidimex.ma\/wp-content\/uploads\/2022\/06\/cropped-logo-sidimex-270x270.jpeg 270w, https:\/\/sidimex.ma\/wp-content\/uploads\/2022\/06\/cropped-logo-sidimex-192x192.jpeg 192w, https:\/\/sidimex.ma\/wp-content\/uploads\/2022\/06\/cropped-logo-sidimex-180x180.jpeg 180w, https:\/\/sidimex.ma\/wp-content\/uploads\/2022\/06\/cropped-logo-sidimex-32x32.jpeg 32w, https:\/\/sidimex.ma\/wp-content\/uploads\/2022\/06\/cropped-logo-sidimex.jpeg 512w\" sizes=\"(max-width: 150px) 100vw, 150px\" \/>\t\t\t\t\t\t\t\t\t\t\t\t\t\t\t<\/div>\n\t\t\t\t<\/div>\n\t\t\t\t\t<\/div>\n\t\t<\/div>\n\t\t\t\t\t\t\t<\/div>\n\t\t<\/section>\n\t\t\t\t\t\t\t<\/div>\n\t\t","protected":false},"excerpt":{"rendered":"<p>R\u00e9v\u00e9lateur d&rsquo;excellence Arriv\u00e9 au Maroc en 2014 Simon DELMAS &#8211; g\u00e9rant de SIDIMEX- exerce l\u2019activit\u00e9 d\u2019import export.Importation de mat\u00e9riel de sport (v\u00eatements et accessoires) sp\u00e9cifiquement pour la course \u00e0 pied, le trail et le v\u00e9lo, vtt.Il exporte \u00e9galement depuis le Maroc vers la France des cosm\u00e9tiques \u00e0 based\u2019argan pour des salons esth\u00e9tique. Fort de son &#8230; <a title=\"Page d\u2019exemple\" class=\"read-more\" href=\"https:\/\/sidimex.ma\/\" aria-label=\"En savoir plus sur Page d\u2019exemple\">Lire la suite<\/a><\/p>\n","protected":false},"author":1,"featured_media":0,"parent":0,"menu_order":0,"comment_status":"closed","ping_status":"open","template":"elementor_header_footer","meta":[],"_links":{"self":[{"href":"https:\/\/sidimex.ma\/index.php\/wp-json\/wp\/v2\/pages\/2"}],"collection":[{"href":"https:\/\/sidimex.ma\/index.php\/wp-json\/wp\/v2\/pages"}],"about":[{"href":"https:\/\/sidimex.ma\/index.php\/wp-json\/wp\/v2\/types\/page"}],"author":[{"embeddable":true,"href":"https:\/\/sidimex.ma\/index.php\/wp-json\/wp\/v2\/users\/1"}],"replies":[{"embeddable":true,"href":"https:\/\/sidimex.ma\/index.php\/wp-json\/wp\/v2\/comments?post=2"}],"version-history":[{"count":121,"href":"https:\/\/sidimex.ma\/index.php\/wp-json\/wp\/v2\/pages\/2\/revisions"}],"predecessor-version":[{"id":161,"href":"https:\/\/sidimex.ma\/index.php\/wp-json\/wp\/v2\/pages\/2\/revisions\/161"}],"wp:attachment":[{"href":"https:\/\/sidimex.ma\/index.php\/wp-json\/wp\/v2\/media?parent=2"}],"curies":[{"name":"wp","href":"https:\/\/api.w.org\/{rel}","templated":true}]}}